{"id":19,"date":"2023-08-25T06:24:18","date_gmt":"2023-08-25T06:24:18","guid":{"rendered":"https:\/\/multival.org\/?page_id=19"},"modified":"2025-09-15T15:49:13","modified_gmt":"2025-09-15T15:49:13","slug":"our-activities","status":"publish","type":"page","link":"https:\/\/multival.org\/index.php\/our-activities\/","title":{"rendered":"Nos Activit\u00e9s"},"content":{"rendered":"<p><strong><u>Nos Activit\u00e9s :<\/u><\/strong><\/p>\n<ul>\n<li>Activit\u00e9s culturelles :<\/li>\n<\/ul>\n<p style=\"text-align: left;\">\u00a0 \u00a0 Se concr\u00e9tise par des rencontres mensuelles entre les membres dans un cadre amical, pour \u00e9change d&#8217;id\u00e9es et des connaissances, principalement dans les th\u00e9matiques tels (philosophie, sociologie, art, litt\u00e9rature \u2026).<\/p>\n<ul>\n<li>Sports et loisirs :<\/li>\n<\/ul>\n<p>Le sport et les loisirs font parties de nos activit\u00e9s importantes, qui seront concr\u00e9tiser par des s\u00e9ances de sport et de bien \u00eatre tels (Marche, m\u00e9ditation, sorties&#8230;) dans un cadre naturel, c&#8217;est une nouvelle philosophie de vie qui voit diff\u00e9remment le sport et les loisirs.<\/p>\n<ul>\n<li>Initiatives et Projets :<\/li>\n<\/ul>\n<p>On aimerait bien que toutes les id\u00e9es, les connaissances \u00e9chang\u00e9es et les exp\u00e9riences partag\u00e9es entre les membres, aboutissent \u00e0 des initiatives et donnent naissance \u00e0 des projets inattendus qui impacteront positivement la soci\u00e9t\u00e9.<\/p>\n","protected":false},"excerpt":{"rendered":"<p>Nos Activit\u00e9s : Activit\u00e9s culturelles : \u00a0 \u00a0 Se concr\u00e9tise par des rencontres mensuelles entre les membres dans un cadre amical, pour \u00e9change d&#8217;id\u00e9es et des connaissances, principalement dans les th\u00e9matiques tels (philosophie, sociologie, art, litt\u00e9rature \u2026). Sports et loisirs : Le sport et les loisirs font parties de nos activit\u00e9s importantes, qui seront concr\u00e9tiser &hellip;<\/p>\n<p class=\"read-more\"> <a class=\"\" href=\"https:\/\/multival.org\/index.php\/our-activities\/\"> <span class=\"screen-reader-text\">Nos Activit\u00e9s<\/span> Read More &raquo;<\/a><\/p>\n","protected":false},"author":1,"featured_media":0,"parent":0,"menu_order":0,"comment_status":"closed","ping_status":"closed","template":"","meta":{"site-sidebar-layout":"no-sidebar","site-content-layout":"page-builder","ast-site-content-layout":"default","site-content-style":"default","site-sidebar-style":"default","ast-global-header-display":"","ast-banner-title-visibility":"","ast-main-header-display":"","ast-hfb-above-header-display":"","ast-hfb-below-header-display":"","ast-hfb-mobile-header-display":"","site-post-title":"disabled","ast-breadcrumbs-content":"","ast-featured-img":"disabled","footer-sml-layout":"","theme-transparent-header-meta":"default","adv-header-id-meta":"","stick-header-meta":"","header-above-stick-meta":"","header-main-stick-meta":"","header-below-stick-meta":"","astra-migrate-meta-layouts":"set","footnotes":""},"_links":{"self":[{"href":"https:\/\/multival.org\/index.php\/wp-json\/wp\/v2\/pages\/19"}],"collection":[{"href":"https:\/\/multival.org\/index.php\/wp-json\/wp\/v2\/pages"}],"about":[{"href":"https:\/\/multival.org\/index.php\/wp-json\/wp\/v2\/types\/page"}],"author":[{"embeddable":true,"href":"https:\/\/multival.org\/index.php\/wp-json\/wp\/v2\/users\/1"}],"replies":[{"embeddable":true,"href":"https:\/\/multival.org\/index.php\/wp-json\/wp\/v2\/comments?post=19"}],"version-history":[{"count":64,"href":"https:\/\/multival.org\/index.php\/wp-json\/wp\/v2\/pages\/19\/revisions"}],"predecessor-version":[{"id":948,"href":"https:\/\/multival.org\/index.php\/wp-json\/wp\/v2\/pages\/19\/revisions\/948"}],"wp:attachment":[{"href":"https:\/\/multival.org\/index.php\/wp-json\/wp\/v2\/media?parent=19"}],"curies":[{"name":"wp","href":"https:\/\/api.w.org\/{rel}","templated":true}]}}