{"id":21,"date":"2023-08-25T06:24:41","date_gmt":"2023-08-25T06:24:41","guid":{"rendered":"https:\/\/multival.org\/?page_id=21"},"modified":"2025-11-12T16:55:32","modified_gmt":"2025-11-12T16:55:32","slug":"word-of-founder","status":"publish","type":"page","link":"https:\/\/multival.org\/index.php\/word-of-founder\/","title":{"rendered":"Mot du Fondateur"},"content":{"rendered":"<p><strong><u>Mot du Fondateur :<\/u><\/strong><\/p>\n<p>Dans un monde volatile, qui change rapidement, o\u00f9 les paradigmes tombent chaque jour, on passe d&#8217;un syst\u00e8me statique pr\u00e9visible \u00e0 un syst\u00e8me complexe et impr\u00e9visible, qui est le syst\u00e8me dynamique, ce dernier est caract\u00e9ris\u00e9 par des transformations importantes dans plusieurs domaines qui vont impacter \u00e9norm\u00e9ment l&#8217;humain, et la soci\u00e9t\u00e9 en g\u00e9n\u00e9ral, principalement des transformations \u00e9conomique, technologique, et soci\u00e9tal, o\u00f9 l&#8217;humain sera confront\u00e9 \u00e0 des r\u00e9els d\u00e9fis au quotidien, pour cela on doit s&#8217;adapter avec ces changements en investissant dans le capital humain et en d\u00e9veloppant des qualit\u00e9s et caract\u00e9ristiques qui seront essentiels dans le monde de demain tels la flexibilit\u00e9, le savoir \u00eatre, le savoir vivre, pour atteindre une certaine sagesse qui va nous permettre de trouver le sens et l&#8217;\u00e9quilibre \u00e0 notre vie.<\/p>\n<p>Parmi, les principaux d\u00e9fis o\u00f9 l&#8217;humain sera confront\u00e9 est la r\u00e9volution technologique et l&#8217;avanc\u00e9e exponentielle de l&#8217;IA qui va impacter \u00e9norm\u00e9ment l&#8217;\u00eatre humain et la soci\u00e9t\u00e9, par une destruction massive des m\u00e9tiers, o\u00f9 l&#8217;IA va remplacer progressivement l&#8217;humain \u00e0 partir des taches op\u00e9rationnels simple, \u00e0 des taches compliqu\u00e9s et intellectuel, d&#8217;un point de vue de productivit\u00e9 \u00e7a va simplifier et facilit\u00e9 les taches de production, mais le probl\u00e8me est ce que l&#8217;humain est pr\u00eat \u00e0 affronter de telle transformation brutal, qui vont changer compl\u00e9tement le rapport au travail en automatisant tout ce qui peut \u00eatre automatisable.<\/p>\n<p>C&#8217;est l\u00e0 o\u00f9 vient l&#8217;importance de penser \u00e0 l&#8217;impact de la tech et l&#8217;IA sur l&#8217;\u00e9conomie et l&#8217;humain en g\u00e9n\u00e9ral, et de pr\u00e9voir des nouveaux concepts et notions bas\u00e9 sur la coop\u00e9ration, l&#8217;\u00e9change, l&#8217;apprentissage&#8230;<\/p>\n<p>Un autre d\u00e9fi majeur et essentiel, c&#8217;est le d\u00e9fi soci\u00e9tal qui est encore n\u00e9gliger relativement malgr\u00e9 des grandes signes qui nous montre que l&#8217;humain et la soci\u00e9t\u00e9 souffrent de certaines probl\u00e8mes, les principaux signes c&#8217;est l&#8217;augment\u00e9 exponentiel des maladies psychologiques d&#8217;une mani\u00e8re g\u00e9n\u00e9ral dans la soci\u00e9t\u00e9 et surtout chez les jeunes tels (le stress, la d\u00e9pression, l&#8217;anxi\u00e9t\u00e9&#8230;)\u00e0 cause de plusieurs facteurs mais surtout ca rel\u00e8ve d&#8217;une perte de vision et absence de valeurs et du sens.<\/p>\n<p>Pour affronter ces d\u00e9fis et trouver des solutions cr\u00e9atives, on a besoin de prendre du recul et investir dans le capital humain, dans le syst\u00e8me dynamique le savoir-faire sera remplacer progressivement par la technologie, du coup l&#8217;humain doit se d\u00e9velopper autrement en se concentrant sur le savoir-\u00eatre, qui se manifeste par certaine qualit\u00e9s comme (la flexibilit\u00e9, l&#8217;intelligence \u00e9motionnel, la coop\u00e9ration, la capacit\u00e9 \u00e0 f\u00e9d\u00e9rer, le sens du relationnel, le sens de l&#8217;initiative, l&#8217;esprit d&#8217;\u00e9quipe, la cr\u00e9ativit\u00e9, la capacit\u00e9 d&#8217;adaptation&#8230;), ainsi qu&#8217;il faut revenir vers les choses essentiel, et qui nous distingue tant qu&#8217;humain, il faut d\u00e9velopper la notion de la sagesse qui se rel\u00e8ve de la connaissance de soi, qui est un vrai chemin de vie, o\u00f9 on essaye de connaitre nos valeurs, mission, vision tant que personnes et structures.<\/p>\n<p>Dans ce but viens MV pour rapprocher des humains dans une petite structure conviviale, dans un espace libre o\u00f9 les gens se rencontre, \u00e9change, apprendre, d\u00e9veloppe, et cr\u00e9e, en prenant du plaisir.<\/p>\n<p>On croit bien que seul l&#8217;investissement dans le capital humain, qui pourra nous aider \u00e0 affronter les d\u00e9fis et garder l&#8217;\u00e9quilibre que ce soit sur le plan pragmatique professionnel ou le plan humain soci\u00e9tal.<\/p>\n<p>22\/10\/2022<\/p>\n<p>Bilal EL YOUNANI<\/p>\n","protected":false},"excerpt":{"rendered":"<p>Mot du Fondateur : Dans un monde volatile, qui change rapidement, o\u00f9 les paradigmes tombent chaque jour, on passe d&#8217;un syst\u00e8me statique pr\u00e9visible \u00e0 un syst\u00e8me complexe et impr\u00e9visible, qui est le syst\u00e8me dynamique, ce dernier est caract\u00e9ris\u00e9 par des transformations importantes dans plusieurs domaines qui vont impacter \u00e9norm\u00e9ment l&#8217;humain, et la soci\u00e9t\u00e9 en g\u00e9n\u00e9ral, &hellip;<\/p>\n<p class=\"read-more\"> <a class=\"\" href=\"https:\/\/multival.org\/index.php\/word-of-founder\/\"> <span class=\"screen-reader-text\">Mot du Fondateur<\/span> Read More &raquo;<\/a><\/p>\n","protected":false},"author":1,"featured_media":0,"parent":0,"menu_order":0,"comment_status":"closed","ping_status":"closed","template":"elementor_header_footer","meta":{"site-sidebar-layout":"no-sidebar","site-content-layout":"page-builder","ast-site-content-layout":"default","site-content-style":"default","site-sidebar-style":"default","ast-global-header-display":"","ast-banner-title-visibility":"","ast-main-header-display":"","ast-hfb-above-header-display":"","ast-hfb-below-header-display":"","ast-hfb-mobile-header-display":"","site-post-title":"disabled","ast-breadcrumbs-content":"","ast-featured-img":"disabled","footer-sml-layout":"","theme-transparent-header-meta":"default","adv-header-id-meta":"","stick-header-meta":"","header-above-stick-meta":"","header-main-stick-meta":"","header-below-stick-meta":"","astra-migrate-meta-layouts":"set","footnotes":""},"_links":{"self":[{"href":"https:\/\/multival.org\/index.php\/wp-json\/wp\/v2\/pages\/21"}],"collection":[{"href":"https:\/\/multival.org\/index.php\/wp-json\/wp\/v2\/pages"}],"about":[{"href":"https:\/\/multival.org\/index.php\/wp-json\/wp\/v2\/types\/page"}],"author":[{"embeddable":true,"href":"https:\/\/multival.org\/index.php\/wp-json\/wp\/v2\/users\/1"}],"replies":[{"embeddable":true,"href":"https:\/\/multival.org\/index.php\/wp-json\/wp\/v2\/comments?post=21"}],"version-history":[{"count":54,"href":"https:\/\/multival.org\/index.php\/wp-json\/wp\/v2\/pages\/21\/revisions"}],"predecessor-version":[{"id":951,"href":"https:\/\/multival.org\/index.php\/wp-json\/wp\/v2\/pages\/21\/revisions\/951"}],"wp:attachment":[{"href":"https:\/\/multival.org\/index.php\/wp-json\/wp\/v2\/media?parent=21"}],"curies":[{"name":"wp","href":"https:\/\/api.w.org\/{rel}","templated":true}]}}